{"id":328,"date":"2015-02-18T21:34:38","date_gmt":"2015-02-18T21:34:38","guid":{"rendered":"http:\/\/modernthemes.net\/demo\/bldr\/?page_id=328"},"modified":"2015-07-13T15:36:54","modified_gmt":"2015-07-13T15:36:54","slug":"testimonials-page","status":"publish","type":"page","link":"https:\/\/www.karmaheld.de\/index.php\/testimonials-page\/","title":{"rendered":"Unsere kleinen Helden"},"content":{"rendered":"<p>Anshu und Ranjit lesen Geschichten von Menschen, die Unglaubliches geschafft\u00a0haben, indem sie Problem erkannt und darin eine M\u00f6glichkeit gesehen haben.\u00a0\u00a0Die Geschichten inspirieren sie selbst zu Unternehmern zu werden.\u00a0Das macht sie zu unseren kleinen Helden.<\/p>\n<p>Sie brechen die Schule nicht ab. Sie gehen weiter in die Schule und lernen F\u00e4higkeiten durch die Geschichten die sie lesen. Mit deiner Spende unterst\u00fctzt du\u00a0unsere kleinen Helden, indem du die B\u00fccher voller Geschichten finanzierst.<\/p>\n<p>Morgen werden wir sehen, ob es funktioniert hat. F\u00fcr heute jedoch k\u00f6nnen Karmahelden helfen, dass Kinder f\u00fcr das einstehen was Ihnen zusteht und von dem sie wissen, dass es recht und richtig ist: Das Recht, in der Schule zu bleiben um die Fertigkeiten zu lernen, die ihnen helfen k\u00f6nnen, ihr Leben zum Besseren hin zu \u00e4ndern.<\/p>\n","protected":false},"excerpt":{"rendered":"<p>Anshu und Ranjit lesen Geschichten von Menschen, die Unglaubliches geschafft\u00a0haben, indem sie Problem erkannt und darin eine M\u00f6glichkeit gesehen haben.\u00a0\u00a0Die&#8230;<\/p>\n","protected":false},"author":1,"featured_media":0,"parent":0,"menu_order":0,"comment_status":"open","ping_status":"open","template":"template-testimonials.php","meta":{"footnotes":""},"class_list":["post-328","page","type-page","status-publish"],"_links":{"self":[{"href":"https:\/\/www.karmaheld.de\/index.php\/wp-json\/wp\/v2\/pages\/328","targetHints":{"allow":["GET"]}}],"collection":[{"href":"https:\/\/www.karmaheld.de\/index.php\/wp-json\/wp\/v2\/pages"}],"about":[{"href":"https:\/\/www.karmaheld.de\/index.php\/wp-json\/wp\/v2\/types\/page"}],"author":[{"embeddable":true,"href":"https:\/\/www.karmaheld.de\/index.php\/wp-json\/wp\/v2\/users\/1"}],"replies":[{"embeddable":true,"href":"https:\/\/www.karmaheld.de\/index.php\/wp-json\/wp\/v2\/comments?post=328"}],"version-history":[{"count":2,"href":"https:\/\/www.karmaheld.de\/index.php\/wp-json\/wp\/v2\/pages\/328\/revisions"}],"predecessor-version":[{"id":721,"href":"https:\/\/www.karmaheld.de\/index.php\/wp-json\/wp\/v2\/pages\/328\/revisions\/721"}],"wp:attachment":[{"href":"https:\/\/www.karmaheld.de\/index.php\/wp-json\/wp\/v2\/media?parent=328"}],"curies":[{"name":"wp","href":"https:\/\/api.w.org\/{rel}","templated":true}]}}